{"id":818,"date":"2020-03-30T08:29:31","date_gmt":"2020-03-30T06:29:31","guid":{"rendered":"https:\/\/prevoditelj-sudski-tumac.com\/pravila-privatnosti\/"},"modified":"2020-06-08T20:26:24","modified_gmt":"2020-06-08T18:26:24","slug":"privacy-policy","status":"publish","type":"page","link":"https:\/\/prevoditelj-sudski-tumac.com\/en\/privacy-policy\/","title":{"rendered":"Privacy Policy"},"content":{"rendered":"\t\t<div data-elementor-type=\"wp-page\" data-elementor-id=\"818\" class=\"elementor elementor-818 elementor-3\" data-elementor-post-type=\"page\">\n\t\t\t\t\t\t<section class=\"elementor-section elementor-top-section elementor-element elementor-element-477dc772 elementor-section-stretched elementor-section-full_width elementor-section-content-top elementor-section-height-min-height elementor-section-height-default elementor-section-items-middle\" data-id=\"477dc772\" data-element_type=\"section\" data-e-type=\"section\" data-settings=\"{&quot;background_background&quot;:&quot;classic&quot;,&quot;stretch_section&quot;:&quot;section-stretched&quot;,&quot;shape_divider_bottom&quot;:&quot;book&quot;}\">\n\t\t\t\t\t<div class=\"elementor-shape elementor-shape-bottom\" aria-hidden=\"true\" data-negative=\"false\">\n\t\t\t<svg xmlns=\"http:\/\/www.w3.org\/2000\/svg\" viewBox=\"0 0 1000 100\" preserveAspectRatio=\"none\">\n\t<path class=\"elementor-shape-fill\" d=\"M194,99c186.7,0.7,305-78.3,306-97.2c1,18.9,119.3,97.9,306,97.2c114.3-0.3,194,0.3,194,0.3s0-91.7,0-100c0,0,0,0,0-0 L0,0v99.3C0,99.3,79.7,98.7,194,99z\"\/>\n<\/svg>\t\t<\/div>\n\t\t\t\t\t<div class=\"elementor-container elementor-column-gap-no\">\n\t\t\t\t\t<div class=\"elementor-column elementor-col-100 elementor-top-column elementor-element elementor-element-4762f307\" data-id=\"4762f307\" data-element_type=\"column\" data-e-type=\"column\">\n\t\t\t<div class=\"elementor-widget-wrap\">\n\t\t\t\t\t\t\t<\/div>\n\t\t<\/div>\n\t\t\t\t\t<\/div>\n\t\t<\/section>\n\t\t\t\t<section class=\"elementor-section elementor-top-section elementor-element elementor-element-5aabe2a9 elementor-section-content-middle elementor-reverse-mobile elementor-section-boxed elementor-section-height-default elementor-section-height-default\" data-id=\"5aabe2a9\" data-element_type=\"section\" data-e-type=\"section\" data-settings=\"{&quot;background_background&quot;:&quot;classic&quot;}\">\n\t\t\t\t\t\t<div class=\"elementor-container elementor-column-gap-no\">\n\t\t\t\t\t<div class=\"elementor-column elementor-col-100 elementor-top-column elementor-element elementor-element-145c1547\" data-id=\"145c1547\" data-element_type=\"column\" data-e-type=\"column\">\n\t\t\t<div class=\"elementor-widget-wrap elementor-element-populated\">\n\t\t\t\t\t\t<div class=\"elementor-element elementor-element-62c3cad0 animated-fast elementor-invisible elementor-widget elementor-widget-heading\" data-id=\"62c3cad0\" data-element_type=\"widget\" data-e-type=\"widget\" data-settings=\"{&quot;_animation&quot;:&quot;zoomIn&quot;}\" data-widget_type=\"heading.default\">\n\t\t\t\t<div class=\"elementor-widget-container\">\n\t\t\t\t\t<h1 class=\"elementor-heading-title elementor-size-default\">Privacy Policy<\/h1>\t\t\t\t<\/div>\n\t\t\t\t<\/div>\n\t\t\t\t<section class=\"elementor-section elementor-inner-section elementor-element elementor-element-2b1f205e elementor-section-content-middle elementor-section-boxed elementor-section-height-default elementor-section-height-default\" data-id=\"2b1f205e\" data-element_type=\"section\" data-e-type=\"section\">\n\t\t\t\t\t\t<div class=\"elementor-container elementor-column-gap-default\">\n\t\t\t\t\t<div class=\"elementor-column elementor-col-100 elementor-inner-column elementor-element elementor-element-5ba3e9b5\" data-id=\"5ba3e9b5\" data-element_type=\"column\" data-e-type=\"column\">\n\t\t\t<div class=\"elementor-widget-wrap elementor-element-populated\">\n\t\t\t\t\t\t<div class=\"elementor-element elementor-element-52c1a9ba elementor-widget elementor-widget-text-editor\" data-id=\"52c1a9ba\" data-element_type=\"widget\" data-e-type=\"widget\" data-widget_type=\"text-editor.default\">\n\t\t\t\t<div class=\"elementor-widget-container\">\n\t\t\t\t\t\t\t\t\t<h4>General information<\/h4><p>The controller of the processing of the personal data that are collected and processed within the website https:\/\/prevoditelj-sudski-tumac.com\/ (hereinafter: Translator and Court Interpreter) has the registered office at Jura\u0161i 3, Vi\u0161kovo OIB 92112894866.<\/p><p>The privacy statement on personal data protection refers to the collection and processing of personal data of customers \/ users as well as the use of cookies on the website https:\/\/prevoditelj-sudski-tumac.com\/. By using this website, you give your consent to the manner of the data collection and processing described in this Statement.<\/p><p>Permanent Court Interpreter for English Language, Tihana Gr\u017eeti\u0107 Beljan respects all principles of protection and processing of personal data.<\/p><h4>Collection and use of personal data<\/h4><p>To maintain the functionality of the Website and provide the required services to users, Permanent Court Interpreter for English Language, Tihana Gr\u017eeti\u0107 Beljan may collect your personal data such as: name and surname, Personal Identification Number (OIB), e-mail address and telephone number. By entering the stated personal data in the fields provided for that purpose, you give your consent that the stated data may be used for the purpose of: making a contact with you, processing your request and providing information about products and services. \u00a0<\/p><p>For the purpose of collecting data related to website traffic statistics, data related to them is automatically collected, which may include your IP address, domain name, access time, and similar data that are commonly collected for the purpose of website statistics. AF may use the data collected in such manner solely for the purpose of providing a more efficient customer service to users \/ clients.<\/p><h4>Storage and security of personal data<\/h4><p>Permanent Court Interpreter for English Language, Tihana Gr\u017eeti\u0107 Beljan shall secure personal data as long as it is necessary for the purpose of collection or as provided by law.<\/p><p>Permanent Court Interpreter for English Language, Tihana Gr\u017eeti\u0107 Beljan does not give, sell or lease the list of users \/ clients to third parties and protects your personal data from unauthorized access, use or disclosure. Data on computer servers is stored in a controlled secure environment, protected from unauthorized access, use or disclosure.<\/p><h4>Cookies<\/h4><p>A cookie is information that a website stores on a visitor&#8217;s computer. Cookies on the pages store settings related to the tailoring of the website to the individual visitor, such as the preferred language or address. The next time the same website is opened, the internet browser sends the data from the cookies that belong to that page. Websites that use cookies cannot access information that is not enabled to them and cannot access other files on the visitor&#8217;s computer.<\/p><p>The visitors can independently prohibit the storage of cookies on their own computer or delete them. Cookie settings can be controlled and configured in Internet browser settings.<\/p><p>If the persons who have voluntarily submitted data to the website of the Permanent Court Interpreter for English Language Tihana Gr\u017eeti\u0107 Beljan, believe that their rights related to the protection of personal data have been violated, they may file a complaint to the Agency for Personal Data Protection.<\/p><h4>Your rights<\/h4><p><strong>Right of access<\/strong><\/p><p>You have the right to access your personal data that we store at any time.<\/p><p><strong>The Right to Correction<\/strong><\/p><p>Based on your request, we will supplement or change your personal data if they are incomplete, inaccurate or their processing does not comply with legal provisions.<\/p><p><strong>The Right to Erasure<\/strong><\/p><p>If you revoke your consent to the collection, processing and use of personal data, and request the erasure, we will delete them only if they are no longer needed for the purpose for which they were stored or if the storage is legally inadmissible.<\/p><p><strong>The right to object to the use of personal data<\/strong><\/p><p>If the processing of your personal data is based on the excerecise of our legitimate interests, you have the right at any time to object to such processing of personal data to the extent that the processing relates to your data. In the event that we demonstrate that there are compelling legitimate and lawful reasons for processing that override your interests, or the fundamental rights and freedoms of the data subject or if the processing is necessary for the establishment, exercise or defence of legal claims, your objection will not be upheld.<\/p><h4><strong>Privacy Policy Changes<\/strong><\/h4><p>We reserve the right to make changes to this Privacy Policy Statement at any time, in accordance with the applicable data protection laws of May 2018.<\/p><p>For all suggestions and complaints regarding the processing of your personal data, as well as for the revocation of consent, contact us at:<\/p><p><strong>Permanent Court Interpreter for English Language Tihana Gr\u017eeti\u0107 Beljan<\/strong><\/p><p>Jura\u0161i 3,<br \/>51216 Vi\u0161kovo,<br \/>OIB 92112894866<\/p>\t\t\t\t\t\t\t\t<\/div>\n\t\t\t\t<\/div>\n\t\t\t\t\t<\/div>\n\t\t<\/div>\n\t\t\t\t\t<\/div>\n\t\t<\/section>\n\t\t\t\t\t<\/div>\n\t\t<\/div>\n\t\t\t\t\t<\/div>\n\t\t<\/section>\n\t\t\t\t<\/div>\n\t\t","protected":false},"excerpt":{"rendered":"<p>Privacy Policy General information The controller of the processing of the personal data that are collected and processed within the website https:\/\/prevoditelj-sudski-tumac.com\/ (hereinafter: Translator and Court Interpreter) has the registered office at Jura\u0161i 3, Vi\u0161kovo OIB 92112894866. The privacy statement on personal data protection refers to the collection and processing of personal data of customers [&hellip;]<\/p>\n","protected":false},"author":1,"featured_media":0,"parent":0,"menu_order":0,"comment_status":"closed","ping_status":"open","template":"elementor_header_footer","meta":{"footnotes":""},"class_list":["post-818","page","type-page","status-publish","hentry"],"yoast_head":"<!-- This site is optimized with the Yoast SEO plugin v27.2 - https:\/\/yoast.com\/product\/yoast-seo-wordpress\/ -->\n<title>Privacy Policy - Tihana Gr\u017eeti\u0107 Beljan<\/title>\n<meta name=\"robots\" content=\"index, follow, max-snippet:-1, max-image-preview:large, max-video-preview:-1\" \/>\n<link rel=\"canonical\" href=\"https:\/\/prevoditelj-sudski-tumac.com\/en\/privacy-policy\/\" \/>\n<meta property=\"og:locale\" content=\"en_US\" \/>\n<meta property=\"og:type\" content=\"article\" \/>\n<meta property=\"og:title\" content=\"Privacy Policy - Tihana Gr\u017eeti\u0107 Beljan\" \/>\n<meta property=\"og:description\" content=\"Privacy Policy General information The controller of the processing of the personal data that are collected and processed within the website https:\/\/prevoditelj-sudski-tumac.com\/ (hereinafter: Translator and Court Interpreter) has the registered office at Jura\u0161i 3, Vi\u0161kovo OIB 92112894866. The privacy statement on personal data protection refers to the collection and processing of personal data of customers [&hellip;]\" \/>\n<meta property=\"og:url\" content=\"https:\/\/prevoditelj-sudski-tumac.com\/en\/privacy-policy\/\" \/>\n<meta property=\"og:site_name\" content=\"Prevoditelj i sudski tuma\u010d | Tihana Gr\u017eeti\u0107 Beljan\" \/>\n<meta property=\"article:modified_time\" content=\"2020-06-08T18:26:24+00:00\" \/>\n<meta name=\"twitter:card\" content=\"summary_large_image\" \/>\n<meta name=\"twitter:label1\" content=\"Est. reading time\" \/>\n\t<meta name=\"twitter:data1\" content=\"4 minutes\" \/>\n<script type=\"application\/ld+json\" class=\"yoast-schema-graph\">{\"@context\":\"https:\/\/schema.org\",\"@graph\":[{\"@type\":\"WebPage\",\"@id\":\"https:\/\/prevoditelj-sudski-tumac.com\/en\/privacy-policy\/\",\"url\":\"https:\/\/prevoditelj-sudski-tumac.com\/en\/privacy-policy\/\",\"name\":\"Privacy Policy - Tihana Gr\u017eeti\u0107 Beljan\",\"isPartOf\":{\"@id\":\"https:\/\/prevoditelj-sudski-tumac.com\/en\/#website\"},\"datePublished\":\"2020-03-30T06:29:31+00:00\",\"dateModified\":\"2020-06-08T18:26:24+00:00\",\"breadcrumb\":{\"@id\":\"https:\/\/prevoditelj-sudski-tumac.com\/en\/privacy-policy\/#breadcrumb\"},\"inLanguage\":\"en-US\",\"potentialAction\":[{\"@type\":\"ReadAction\",\"target\":[\"https:\/\/prevoditelj-sudski-tumac.com\/en\/privacy-policy\/\"]}]},{\"@type\":\"BreadcrumbList\",\"@id\":\"https:\/\/prevoditelj-sudski-tumac.com\/en\/privacy-policy\/#breadcrumb\",\"itemListElement\":[{\"@type\":\"ListItem\",\"position\":1,\"name\":\"Po\u010detna stranica\",\"item\":\"https:\/\/prevoditelj-sudski-tumac.com\/en\/english-translator-tihana-grzetic-beljan\/\"},{\"@type\":\"ListItem\",\"position\":2,\"name\":\"Privacy Policy\"}]},{\"@type\":\"WebSite\",\"@id\":\"https:\/\/prevoditelj-sudski-tumac.com\/en\/#website\",\"url\":\"https:\/\/prevoditelj-sudski-tumac.com\/en\/\",\"name\":\"Prevoditelj i sudski tuma\u010d, Rijeka | Tihana Gr\u017eeti\u0107 Beljan\",\"description\":\"Brz i kvalitetan prevoditelj na engleski jezik\",\"publisher\":{\"@id\":\"https:\/\/prevoditelj-sudski-tumac.com\/en\/#organization\"},\"potentialAction\":[{\"@type\":\"SearchAction\",\"target\":{\"@type\":\"EntryPoint\",\"urlTemplate\":\"https:\/\/prevoditelj-sudski-tumac.com\/en\/?s={search_term_string}\"},\"query-input\":{\"@type\":\"PropertyValueSpecification\",\"valueRequired\":true,\"valueName\":\"search_term_string\"}}],\"inLanguage\":\"en-US\"},{\"@type\":\"Organization\",\"@id\":\"https:\/\/prevoditelj-sudski-tumac.com\/en\/#organization\",\"name\":\"Tihana Gr\u017eeti\u0107 Beljan - Stalni sudski tuma\u010d za engleski jezik\",\"url\":\"https:\/\/prevoditelj-sudski-tumac.com\/en\/\",\"logo\":{\"@type\":\"ImageObject\",\"inLanguage\":\"en-US\",\"@id\":\"https:\/\/prevoditelj-sudski-tumac.com\/en\/#\/schema\/logo\/image\/\",\"url\":\"https:\/\/prevoditelj-sudski-tumac.com\/wp-content\/uploads\/2020\/04\/Prevoditelj-sudski-tumac-Tihana-Grzetic-Beljan-2.png\",\"contentUrl\":\"https:\/\/prevoditelj-sudski-tumac.com\/wp-content\/uploads\/2020\/04\/Prevoditelj-sudski-tumac-Tihana-Grzetic-Beljan-2.png\",\"width\":200,\"height\":205,\"caption\":\"Tihana Gr\u017eeti\u0107 Beljan - Stalni sudski tuma\u010d za engleski jezik\"},\"image\":{\"@id\":\"https:\/\/prevoditelj-sudski-tumac.com\/en\/#\/schema\/logo\/image\/\"}}]}<\/script>\n<!-- \/ Yoast SEO plugin. -->","yoast_head_json":{"title":"Privacy Policy - Tihana Gr\u017eeti\u0107 Beljan","robots":{"index":"index","follow":"follow","max-snippet":"max-snippet:-1","max-image-preview":"max-image-preview:large","max-video-preview":"max-video-preview:-1"},"canonical":"https:\/\/prevoditelj-sudski-tumac.com\/en\/privacy-policy\/","og_locale":"en_US","og_type":"article","og_title":"Privacy Policy - Tihana Gr\u017eeti\u0107 Beljan","og_description":"Privacy Policy General information The controller of the processing of the personal data that are collected and processed within the website https:\/\/prevoditelj-sudski-tumac.com\/ (hereinafter: Translator and Court Interpreter) has the registered office at Jura\u0161i 3, Vi\u0161kovo OIB 92112894866. The privacy statement on personal data protection refers to the collection and processing of personal data of customers [&hellip;]","og_url":"https:\/\/prevoditelj-sudski-tumac.com\/en\/privacy-policy\/","og_site_name":"Prevoditelj i sudski tuma\u010d | Tihana Gr\u017eeti\u0107 Beljan","article_modified_time":"2020-06-08T18:26:24+00:00","twitter_card":"summary_large_image","twitter_misc":{"Est. reading time":"4 minutes"},"schema":{"@context":"https:\/\/schema.org","@graph":[{"@type":"WebPage","@id":"https:\/\/prevoditelj-sudski-tumac.com\/en\/privacy-policy\/","url":"https:\/\/prevoditelj-sudski-tumac.com\/en\/privacy-policy\/","name":"Privacy Policy - Tihana Gr\u017eeti\u0107 Beljan","isPartOf":{"@id":"https:\/\/prevoditelj-sudski-tumac.com\/en\/#website"},"datePublished":"2020-03-30T06:29:31+00:00","dateModified":"2020-06-08T18:26:24+00:00","breadcrumb":{"@id":"https:\/\/prevoditelj-sudski-tumac.com\/en\/privacy-policy\/#breadcrumb"},"inLanguage":"en-US","potentialAction":[{"@type":"ReadAction","target":["https:\/\/prevoditelj-sudski-tumac.com\/en\/privacy-policy\/"]}]},{"@type":"BreadcrumbList","@id":"https:\/\/prevoditelj-sudski-tumac.com\/en\/privacy-policy\/#breadcrumb","itemListElement":[{"@type":"ListItem","position":1,"name":"Po\u010detna stranica","item":"https:\/\/prevoditelj-sudski-tumac.com\/en\/english-translator-tihana-grzetic-beljan\/"},{"@type":"ListItem","position":2,"name":"Privacy Policy"}]},{"@type":"WebSite","@id":"https:\/\/prevoditelj-sudski-tumac.com\/en\/#website","url":"https:\/\/prevoditelj-sudski-tumac.com\/en\/","name":"Prevoditelj i sudski tuma\u010d, Rijeka | Tihana Gr\u017eeti\u0107 Beljan","description":"Brz i kvalitetan prevoditelj na engleski jezik","publisher":{"@id":"https:\/\/prevoditelj-sudski-tumac.com\/en\/#organization"},"potentialAction":[{"@type":"SearchAction","target":{"@type":"EntryPoint","urlTemplate":"https:\/\/prevoditelj-sudski-tumac.com\/en\/?s={search_term_string}"},"query-input":{"@type":"PropertyValueSpecification","valueRequired":true,"valueName":"search_term_string"}}],"inLanguage":"en-US"},{"@type":"Organization","@id":"https:\/\/prevoditelj-sudski-tumac.com\/en\/#organization","name":"Tihana Gr\u017eeti\u0107 Beljan - Stalni sudski tuma\u010d za engleski jezik","url":"https:\/\/prevoditelj-sudski-tumac.com\/en\/","logo":{"@type":"ImageObject","inLanguage":"en-US","@id":"https:\/\/prevoditelj-sudski-tumac.com\/en\/#\/schema\/logo\/image\/","url":"https:\/\/prevoditelj-sudski-tumac.com\/wp-content\/uploads\/2020\/04\/Prevoditelj-sudski-tumac-Tihana-Grzetic-Beljan-2.png","contentUrl":"https:\/\/prevoditelj-sudski-tumac.com\/wp-content\/uploads\/2020\/04\/Prevoditelj-sudski-tumac-Tihana-Grzetic-Beljan-2.png","width":200,"height":205,"caption":"Tihana Gr\u017eeti\u0107 Beljan - Stalni sudski tuma\u010d za engleski jezik"},"image":{"@id":"https:\/\/prevoditelj-sudski-tumac.com\/en\/#\/schema\/logo\/image\/"}}]}},"_links":{"self":[{"href":"https:\/\/prevoditelj-sudski-tumac.com\/en\/wp-json\/wp\/v2\/pages\/818","targetHints":{"allow":["GET"]}}],"collection":[{"href":"https:\/\/prevoditelj-sudski-tumac.com\/en\/wp-json\/wp\/v2\/pages"}],"about":[{"href":"https:\/\/prevoditelj-sudski-tumac.com\/en\/wp-json\/wp\/v2\/types\/page"}],"author":[{"embeddable":true,"href":"https:\/\/prevoditelj-sudski-tumac.com\/en\/wp-json\/wp\/v2\/users\/1"}],"replies":[{"embeddable":true,"href":"https:\/\/prevoditelj-sudski-tumac.com\/en\/wp-json\/wp\/v2\/comments?post=818"}],"version-history":[{"count":0,"href":"https:\/\/prevoditelj-sudski-tumac.com\/en\/wp-json\/wp\/v2\/pages\/818\/revisions"}],"wp:attachment":[{"href":"https:\/\/prevoditelj-sudski-tumac.com\/en\/wp-json\/wp\/v2\/media?parent=818"}],"curies":[{"name":"wp","href":"https:\/\/api.w.org\/{rel}","templated":true}]}}